{"id":23,"date":"2024-10-30T12:03:04","date_gmt":"2024-10-30T11:03:04","guid":{"rendered":"https:\/\/chateaudetailly.com\/?page_id=23"},"modified":"2025-01-31T09:19:22","modified_gmt":"2025-01-31T08:19:22","slug":"privatisation-de-la-propriete","status":"publish","type":"page","link":"http:\/\/chateaudetailly.com\/en\/privatisation-de-la-propriete\/","title":{"rendered":"Privatisation of property"},"content":{"rendered":"<div class=\"wp-block-columns bloc_contenu is-layout-flex wp-container-core-columns-is-layout-28f84493 wp-block-columns-is-layout-flex\">\n<div class=\"wp-block-column is-layout-flow wp-block-column-is-layout-flow\">\n<div class=\"wp-block-columns is-layout-flex wp-container-core-columns-is-layout-28f84493 wp-block-columns-is-layout-flex\">\n<div class=\"wp-block-column is-layout-flow wp-block-column-is-layout-flow\">\n<div class=\"wp-block-columns is-layout-flex wp-container-core-columns-is-layout-28f84493 wp-block-columns-is-layout-flex\">\n<div class=\"wp-block-column carousel is-layout-flow wp-block-column-is-layout-flow\">\n<figure class=\"wp-block-image size-full\"><img fetchpriority=\"high\" decoding=\"async\" width=\"2000\" height=\"1335\" src=\"https:\/\/chateaudetailly.com\/wp-content\/uploads\/2024\/12\/chateau_de_tailly-23-6.jpg\" alt=\"\" class=\"wp-image-640\" srcset=\"https:\/\/chateaudetailly.com\/wp-content\/uploads\/2024\/12\/chateau_de_tailly-23-6.jpg 2000w, https:\/\/chateaudetailly.com\/wp-content\/uploads\/2024\/12\/chateau_de_tailly-23-6-300x200.jpg 300w, https:\/\/chateaudetailly.com\/wp-content\/uploads\/2024\/12\/chateau_de_tailly-23-6-1024x684.jpg 1024w, https:\/\/chateaudetailly.com\/wp-content\/uploads\/2024\/12\/chateau_de_tailly-23-6-768x513.jpg 768w, https:\/\/chateaudetailly.com\/wp-content\/uploads\/2024\/12\/chateau_de_tailly-23-6-1536x1025.jpg 1536w, https:\/\/chateaudetailly.com\/wp-content\/uploads\/2024\/12\/chateau_de_tailly-23-6-18x12.jpg 18w\" sizes=\"(max-width: 2000px) 100vw, 2000px\" \/><\/figure>\n\n\n\n<figure class=\"wp-block-image size-large\"><img decoding=\"async\" width=\"1024\" height=\"684\" src=\"https:\/\/chateaudetailly.com\/wp-content\/uploads\/2024\/12\/chateau_de_tailly-13-1024x684.jpg\" alt=\"\" class=\"wp-image-630\" srcset=\"https:\/\/chateaudetailly.com\/wp-content\/uploads\/2024\/12\/chateau_de_tailly-13-1024x684.jpg 1024w, https:\/\/chateaudetailly.com\/wp-content\/uploads\/2024\/12\/chateau_de_tailly-13-300x200.jpg 300w, https:\/\/chateaudetailly.com\/wp-content\/uploads\/2024\/12\/chateau_de_tailly-13-768x513.jpg 768w, https:\/\/chateaudetailly.com\/wp-content\/uploads\/2024\/12\/chateau_de_tailly-13-1536x1025.jpg 1536w, https:\/\/chateaudetailly.com\/wp-content\/uploads\/2024\/12\/chateau_de_tailly-13-18x12.jpg 18w, https:\/\/chateaudetailly.com\/wp-content\/uploads\/2024\/12\/chateau_de_tailly-13.jpg 2000w\" sizes=\"(max-width: 1024px) 100vw, 1024px\" \/><\/figure>\n\n\n\n<figure class=\"wp-block-image size-full\"><img decoding=\"async\" width=\"1048\" height=\"699\" src=\"https:\/\/chateaudetailly.com\/wp-content\/uploads\/2024\/12\/salon_-_copie.jpg\" alt=\"\" class=\"wp-image-728\" srcset=\"https:\/\/chateaudetailly.com\/wp-content\/uploads\/2024\/12\/salon_-_copie.jpg 1048w, https:\/\/chateaudetailly.com\/wp-content\/uploads\/2024\/12\/salon_-_copie-300x200.jpg 300w, https:\/\/chateaudetailly.com\/wp-content\/uploads\/2024\/12\/salon_-_copie-1024x683.jpg 1024w, https:\/\/chateaudetailly.com\/wp-content\/uploads\/2024\/12\/salon_-_copie-768x512.jpg 768w, https:\/\/chateaudetailly.com\/wp-content\/uploads\/2024\/12\/salon_-_copie-18x12.jpg 18w\" sizes=\"(max-width: 1048px) 100vw, 1048px\" \/><\/figure>\n\n\n\n<figure class=\"wp-block-image size-full\"><img loading=\"lazy\" decoding=\"async\" width=\"1534\" height=\"1024\" src=\"https:\/\/chateaudetailly.com\/wp-content\/uploads\/2024\/12\/chateau_de_tailly-9593-2.jpg\" alt=\"\" class=\"wp-image-688\" srcset=\"https:\/\/chateaudetailly.com\/wp-content\/uploads\/2024\/12\/chateau_de_tailly-9593-2.jpg 1534w, https:\/\/chateaudetailly.com\/wp-content\/uploads\/2024\/12\/chateau_de_tailly-9593-2-300x200.jpg 300w, https:\/\/chateaudetailly.com\/wp-content\/uploads\/2024\/12\/chateau_de_tailly-9593-2-1024x684.jpg 1024w, https:\/\/chateaudetailly.com\/wp-content\/uploads\/2024\/12\/chateau_de_tailly-9593-2-768x513.jpg 768w, https:\/\/chateaudetailly.com\/wp-content\/uploads\/2024\/12\/chateau_de_tailly-9593-2-18x12.jpg 18w\" sizes=\"(max-width: 1534px) 100vw, 1534px\" \/><\/figure>\n\n\n\n<figure class=\"wp-block-image size-full\"><img loading=\"lazy\" decoding=\"async\" width=\"2484\" height=\"1658\" src=\"https:\/\/chateaudetailly.com\/wp-content\/uploads\/2024\/12\/pdc_cheminee.jpg\" alt=\"\" class=\"wp-image-718\" srcset=\"https:\/\/chateaudetailly.com\/wp-content\/uploads\/2024\/12\/pdc_cheminee.jpg 2484w, https:\/\/chateaudetailly.com\/wp-content\/uploads\/2024\/12\/pdc_cheminee-300x200.jpg 300w, https:\/\/chateaudetailly.com\/wp-content\/uploads\/2024\/12\/pdc_cheminee-1024x683.jpg 1024w, https:\/\/chateaudetailly.com\/wp-content\/uploads\/2024\/12\/pdc_cheminee-768x513.jpg 768w, https:\/\/chateaudetailly.com\/wp-content\/uploads\/2024\/12\/pdc_cheminee-1536x1025.jpg 1536w, https:\/\/chateaudetailly.com\/wp-content\/uploads\/2024\/12\/pdc_cheminee-2048x1367.jpg 2048w, https:\/\/chateaudetailly.com\/wp-content\/uploads\/2024\/12\/pdc_cheminee-18x12.jpg 18w\" sizes=\"(max-width: 2484px) 100vw, 2484px\" \/><\/figure>\n\n\n\n<figure class=\"wp-block-image size-full\"><img loading=\"lazy\" decoding=\"async\" width=\"1106\" height=\"1658\" src=\"https:\/\/chateaudetailly.com\/wp-content\/uploads\/2024\/12\/chateau_de_tailly-103.jpg\" alt=\"\" class=\"wp-image-678\" srcset=\"https:\/\/chateaudetailly.com\/wp-content\/uploads\/2024\/12\/chateau_de_tailly-103.jpg 1106w, https:\/\/chateaudetailly.com\/wp-content\/uploads\/2024\/12\/chateau_de_tailly-103-200x300.jpg 200w, https:\/\/chateaudetailly.com\/wp-content\/uploads\/2024\/12\/chateau_de_tailly-103-683x1024.jpg 683w, https:\/\/chateaudetailly.com\/wp-content\/uploads\/2024\/12\/chateau_de_tailly-103-768x1151.jpg 768w, https:\/\/chateaudetailly.com\/wp-content\/uploads\/2024\/12\/chateau_de_tailly-103-1025x1536.jpg 1025w, https:\/\/chateaudetailly.com\/wp-content\/uploads\/2024\/12\/chateau_de_tailly-103-8x12.jpg 8w\" sizes=\"(max-width: 1106px) 100vw, 1106px\" \/><\/figure>\n\n\n\n<figure class=\"wp-block-image size-full\"><img loading=\"lazy\" decoding=\"async\" width=\"2484\" height=\"1658\" src=\"https:\/\/chateaudetailly.com\/wp-content\/uploads\/2024\/12\/chateau_de_tailly-107.jpg\" alt=\"\" class=\"wp-image-680\" srcset=\"https:\/\/chateaudetailly.com\/wp-content\/uploads\/2024\/12\/chateau_de_tailly-107.jpg 2484w, https:\/\/chateaudetailly.com\/wp-content\/uploads\/2024\/12\/chateau_de_tailly-107-300x200.jpg 300w, https:\/\/chateaudetailly.com\/wp-content\/uploads\/2024\/12\/chateau_de_tailly-107-1024x683.jpg 1024w, https:\/\/chateaudetailly.com\/wp-content\/uploads\/2024\/12\/chateau_de_tailly-107-768x513.jpg 768w, https:\/\/chateaudetailly.com\/wp-content\/uploads\/2024\/12\/chateau_de_tailly-107-1536x1025.jpg 1536w, https:\/\/chateaudetailly.com\/wp-content\/uploads\/2024\/12\/chateau_de_tailly-107-2048x1367.jpg 2048w, https:\/\/chateaudetailly.com\/wp-content\/uploads\/2024\/12\/chateau_de_tailly-107-18x12.jpg 18w\" sizes=\"(max-width: 2484px) 100vw, 2484px\" \/><\/figure>\n\n\n\n<figure class=\"wp-block-image size-full\"><img loading=\"lazy\" decoding=\"async\" width=\"1534\" height=\"1024\" src=\"https:\/\/chateaudetailly.com\/wp-content\/uploads\/2024\/12\/chateau_de_tailly-8583.jpg\" alt=\"\" class=\"wp-image-685\" srcset=\"https:\/\/chateaudetailly.com\/wp-content\/uploads\/2024\/12\/chateau_de_tailly-8583.jpg 1534w, https:\/\/chateaudetailly.com\/wp-content\/uploads\/2024\/12\/chateau_de_tailly-8583-300x200.jpg 300w, https:\/\/chateaudetailly.com\/wp-content\/uploads\/2024\/12\/chateau_de_tailly-8583-1024x684.jpg 1024w, https:\/\/chateaudetailly.com\/wp-content\/uploads\/2024\/12\/chateau_de_tailly-8583-768x513.jpg 768w, https:\/\/chateaudetailly.com\/wp-content\/uploads\/2024\/12\/chateau_de_tailly-8583-18x12.jpg 18w\" sizes=\"(max-width: 1534px) 100vw, 1534px\" \/><\/figure>\n\n\n\n<figure class=\"wp-block-image size-full\"><img loading=\"lazy\" decoding=\"async\" width=\"1600\" height=\"1067\" src=\"https:\/\/chateaudetailly.com\/wp-content\/uploads\/2024\/12\/dining_room-3.jpg\" alt=\"\" class=\"wp-image-755\" srcset=\"https:\/\/chateaudetailly.com\/wp-content\/uploads\/2024\/12\/dining_room-3.jpg 1600w, https:\/\/chateaudetailly.com\/wp-content\/uploads\/2024\/12\/dining_room-3-300x200.jpg 300w, https:\/\/chateaudetailly.com\/wp-content\/uploads\/2024\/12\/dining_room-3-1024x683.jpg 1024w, https:\/\/chateaudetailly.com\/wp-content\/uploads\/2024\/12\/dining_room-3-768x512.jpg 768w, https:\/\/chateaudetailly.com\/wp-content\/uploads\/2024\/12\/dining_room-3-1536x1024.jpg 1536w, https:\/\/chateaudetailly.com\/wp-content\/uploads\/2024\/12\/dining_room-3-18x12.jpg 18w\" sizes=\"(max-width: 1600px) 100vw, 1600px\" \/><\/figure>\n\n\n\n<figure class=\"wp-block-image size-full\"><img loading=\"lazy\" decoding=\"async\" width=\"2000\" height=\"1335\" src=\"https:\/\/chateaudetailly.com\/wp-content\/uploads\/2024\/12\/cha_teau-de-tailly-107.jpg\" alt=\"\" class=\"wp-image-606\" srcset=\"https:\/\/chateaudetailly.com\/wp-content\/uploads\/2024\/12\/cha_teau-de-tailly-107.jpg 2000w, https:\/\/chateaudetailly.com\/wp-content\/uploads\/2024\/12\/cha_teau-de-tailly-107-300x200.jpg 300w, https:\/\/chateaudetailly.com\/wp-content\/uploads\/2024\/12\/cha_teau-de-tailly-107-1024x684.jpg 1024w, https:\/\/chateaudetailly.com\/wp-content\/uploads\/2024\/12\/cha_teau-de-tailly-107-768x513.jpg 768w, https:\/\/chateaudetailly.com\/wp-content\/uploads\/2024\/12\/cha_teau-de-tailly-107-1536x1025.jpg 1536w, https:\/\/chateaudetailly.com\/wp-content\/uploads\/2024\/12\/cha_teau-de-tailly-107-18x12.jpg 18w\" sizes=\"(max-width: 2000px) 100vw, 2000px\" \/><\/figure>\n\n\n\n<figure class=\"wp-block-image size-full\"><img loading=\"lazy\" decoding=\"async\" width=\"1600\" height=\"1067\" src=\"https:\/\/chateaudetailly.com\/wp-content\/uploads\/2024\/12\/cuisine-2.jpg\" alt=\"\" class=\"wp-image-752\" srcset=\"https:\/\/chateaudetailly.com\/wp-content\/uploads\/2024\/12\/cuisine-2.jpg 1600w, https:\/\/chateaudetailly.com\/wp-content\/uploads\/2024\/12\/cuisine-2-300x200.jpg 300w, https:\/\/chateaudetailly.com\/wp-content\/uploads\/2024\/12\/cuisine-2-1024x683.jpg 1024w, https:\/\/chateaudetailly.com\/wp-content\/uploads\/2024\/12\/cuisine-2-768x512.jpg 768w, https:\/\/chateaudetailly.com\/wp-content\/uploads\/2024\/12\/cuisine-2-1536x1024.jpg 1536w, https:\/\/chateaudetailly.com\/wp-content\/uploads\/2024\/12\/cuisine-2-18x12.jpg 18w\" sizes=\"(max-width: 1600px) 100vw, 1600px\" \/><\/figure>\n\n\n\n<figure class=\"wp-block-image size-large\"><img loading=\"lazy\" decoding=\"async\" width=\"684\" height=\"1024\" src=\"https:\/\/chateaudetailly.com\/wp-content\/uploads\/2025\/01\/Chateau-de-Tailly-9-684x1024.jpg\" alt=\"\" class=\"wp-image-1288\" srcset=\"https:\/\/chateaudetailly.com\/wp-content\/uploads\/2025\/01\/Chateau-de-Tailly-9-684x1024.jpg 684w, https:\/\/chateaudetailly.com\/wp-content\/uploads\/2025\/01\/Chateau-de-Tailly-9-200x300.jpg 200w, https:\/\/chateaudetailly.com\/wp-content\/uploads\/2025\/01\/Chateau-de-Tailly-9-768x1150.jpg 768w, https:\/\/chateaudetailly.com\/wp-content\/uploads\/2025\/01\/Chateau-de-Tailly-9-1026x1536.jpg 1026w, https:\/\/chateaudetailly.com\/wp-content\/uploads\/2025\/01\/Chateau-de-Tailly-9-8x12.jpg 8w, https:\/\/chateaudetailly.com\/wp-content\/uploads\/2025\/01\/Chateau-de-Tailly-9.jpg 1282w\" sizes=\"(max-width: 684px) 100vw, 684px\" \/><\/figure>\n\n\n\n<figure class=\"wp-block-image size-large\"><img loading=\"lazy\" decoding=\"async\" width=\"1024\" height=\"683\" src=\"https:\/\/chateaudetailly.com\/wp-content\/uploads\/2025\/01\/IMG_1043-1024x683.jpg\" alt=\"\" class=\"wp-image-1289\" srcset=\"https:\/\/chateaudetailly.com\/wp-content\/uploads\/2025\/01\/IMG_1043-1024x683.jpg 1024w, https:\/\/chateaudetailly.com\/wp-content\/uploads\/2025\/01\/IMG_1043-300x200.jpg 300w, https:\/\/chateaudetailly.com\/wp-content\/uploads\/2025\/01\/IMG_1043-768x512.jpg 768w, https:\/\/chateaudetailly.com\/wp-content\/uploads\/2025\/01\/IMG_1043-1536x1024.jpg 1536w, https:\/\/chateaudetailly.com\/wp-content\/uploads\/2025\/01\/IMG_1043-18x12.jpg 18w, https:\/\/chateaudetailly.com\/wp-content\/uploads\/2025\/01\/IMG_1043.jpg 1920w\" sizes=\"(max-width: 1024px) 100vw, 1024px\" \/><\/figure>\n<\/div>\n\n\n\n<div class=\"wp-block-column is-layout-flow wp-block-column-is-layout-flow\">\n<h2 class=\"wp-block-heading\">Privatisation of property<\/h2>\n\n\n\n<h3 class=\"wp-block-heading\">Its ch\u00e2teau, outbuildings and park<\/h3>\n\n\n\n<p><strong>Be the lord and lady of Tailly and experience the life of a castle for the duration of your stay.<\/strong><\/p>\n\n\n\n<p>The ch\u00e2teau is ideally situated on the Meursault wine-growing hillside, just 5 minutes from the town of Beaune. Nestling in 6 hectares of parkland, it is an exceptional venue that lends itself perfectly to your special moments: holidays, receptions, weddings, meetings and seminars.<\/p>\n\n\n\n<p>Make the most of the park and swimming pool in summer, as well as a fitness room.<\/p>\n\n\n\n<p>It's the perfect place to discover the charms of Burgundy, the Wine Route and its rich heritage.<\/p>\n\n\n\n<p>Ch\u00e2teau de Tailly has been privatised to make it even more welcoming, and welcomes you into a family home in the pure French tradition.<\/p>\n\n\n\n<p>Enjoy the peace and quiet, the romantic charm and discreet elegance of this property with its simple, harmonious architecture.<\/p>\n\n\n\n<p>The living room is an invitation to relax, a meeting place combining charm and intimacy, a harmony of colours and bathed in light. On either side of the marble fireplace, you will find a library with a grand piano. A large stained glass window lets in the sunshine. Two large French windows offer a delightful view of the park and its century-old trees, witnesses to a past and a history.<\/p>\n\n\n\n<p>The warm and inviting dining room is the perfect setting for a table d'h\u00f4tes, where guests can enjoy a delicious meal.<\/p>\n\n\n\n<p>The ch\u00e2teau's 2 large kitchens are fully equipped for preparing your own dishes or for private cookery lessons.<\/p>\n\n\n\n<p>The rooms are all spacious and differently decorated, with en suite bathrooms and views over the park.<\/p>\n\n\n\n<p>You can also enjoy a moment in the shade of the park's century-old trees, or take a bucolic stroll where nature is everywhere. You'll be able to spot a wide variety of birds and, just around the bend in a grove, a doe and her young. You'll also find our swimming pool, which will delight young and old alike.<\/p>\n<\/div>\n<\/div>\n<\/div>\n<\/div>\n<\/div>\n<\/div>","protected":false},"excerpt":{"rendered":"<p>Privatisation de la propri\u00e9t\u00e9 Son ch\u00e2teau, ses d\u00e9pendances et son parc Soyez les ch\u00e2telains de Tailly pour vivre la vie de ch\u00e2teau le temps d\u2019un s\u00e9jour. Le ch\u00e2teau est id\u00e9alement situ\u00e9 sur la c\u00f4te viticole touchant Meursault et \u00e0 5 mn \u00e0 peine de la ville de Beaune. Nich\u00e9 dans un parc de 6 ha, [&hellip;]<\/p>\n","protected":false},"author":2,"featured_media":0,"parent":0,"menu_order":0,"comment_status":"closed","ping_status":"closed","template":"","meta":{"footnotes":""},"class_list":["post-23","page","type-page","status-publish","hentry"],"yoast_head":"<!-- This site is optimized with the Yoast SEO plugin v27.3 - https:\/\/yoast.com\/product\/yoast-seo-wordpress\/ -->\r\n<title>Privatisation de la propri\u00e9t\u00e9 - Ch\u00e2teau de Tailly<\/title>\r\n<meta name=\"robots\" content=\"index, follow, max-snippet:-1, max-image-preview:large, max-video-preview:-1\" \/>\r\n<link rel=\"canonical\" href=\"http:\/\/chateaudetailly.com\/en\/privatisation-de-la-propriete\/\" \/>\r\n<meta property=\"og:locale\" content=\"en_GB\" \/>\r\n<meta property=\"og:type\" content=\"article\" \/>\r\n<meta property=\"og:title\" content=\"Privatisation de la propri\u00e9t\u00e9 - Ch\u00e2teau de Tailly\" \/>\r\n<meta property=\"og:description\" content=\"Privatisation de la propri\u00e9t\u00e9 Son ch\u00e2teau, ses d\u00e9pendances et son parc Soyez les ch\u00e2telains de Tailly pour vivre la vie de ch\u00e2teau le temps d\u2019un s\u00e9jour. Le ch\u00e2teau est id\u00e9alement situ\u00e9 sur la c\u00f4te viticole touchant Meursault et \u00e0 5 mn \u00e0 peine de la ville de Beaune. Nich\u00e9 dans un parc de 6 ha, [&hellip;]\" \/>\r\n<meta property=\"og:url\" content=\"http:\/\/chateaudetailly.com\/en\/privatisation-de-la-propriete\/\" \/>\r\n<meta property=\"og:site_name\" content=\"Ch\u00e2teau de Tailly\" \/>\r\n<meta property=\"article:modified_time\" content=\"2025-01-31T08:19:22+00:00\" \/>\r\n<meta property=\"og:image\" content=\"https:\/\/chateaudetailly.com\/wp-content\/uploads\/2024\/12\/chateau_de_tailly-23-6.jpg\" \/>\r\n<meta name=\"twitter:card\" content=\"summary_large_image\" \/>\r\n<meta name=\"twitter:label1\" content=\"Estimated reading time\" \/>\n\t<meta name=\"twitter:data1\" content=\"2 minutes\" \/>\r\n<script type=\"application\/ld+json\" class=\"yoast-schema-graph\">{\"@context\":\"https:\\\/\\\/schema.org\",\"@graph\":[{\"@type\":\"WebPage\",\"@id\":\"http:\\\/\\\/chateaudetailly.com\\\/en\\\/privatisation-de-la-propriete\\\/\",\"url\":\"http:\\\/\\\/chateaudetailly.com\\\/en\\\/privatisation-de-la-propriete\\\/\",\"name\":\"Privatisation de la propri\u00e9t\u00e9 - Ch\u00e2teau de Tailly\",\"isPartOf\":{\"@id\":\"https:\\\/\\\/chateaudetailly.com\\\/#website\"},\"primaryImageOfPage\":{\"@id\":\"http:\\\/\\\/chateaudetailly.com\\\/en\\\/privatisation-de-la-propriete\\\/#primaryimage\"},\"image\":{\"@id\":\"http:\\\/\\\/chateaudetailly.com\\\/en\\\/privatisation-de-la-propriete\\\/#primaryimage\"},\"thumbnailUrl\":\"https:\\\/\\\/chateaudetailly.com\\\/wp-content\\\/uploads\\\/2024\\\/12\\\/chateau_de_tailly-23-6.jpg\",\"datePublished\":\"2024-10-30T11:03:04+00:00\",\"dateModified\":\"2025-01-31T08:19:22+00:00\",\"breadcrumb\":{\"@id\":\"http:\\\/\\\/chateaudetailly.com\\\/en\\\/privatisation-de-la-propriete\\\/#breadcrumb\"},\"inLanguage\":\"en-GB\",\"potentialAction\":[{\"@type\":\"ReadAction\",\"target\":[\"http:\\\/\\\/chateaudetailly.com\\\/en\\\/privatisation-de-la-propriete\\\/\"]}]},{\"@type\":\"ImageObject\",\"inLanguage\":\"en-GB\",\"@id\":\"http:\\\/\\\/chateaudetailly.com\\\/en\\\/privatisation-de-la-propriete\\\/#primaryimage\",\"url\":\"https:\\\/\\\/chateaudetailly.com\\\/wp-content\\\/uploads\\\/2024\\\/12\\\/chateau_de_tailly-23-6.jpg\",\"contentUrl\":\"https:\\\/\\\/chateaudetailly.com\\\/wp-content\\\/uploads\\\/2024\\\/12\\\/chateau_de_tailly-23-6.jpg\"},{\"@type\":\"BreadcrumbList\",\"@id\":\"http:\\\/\\\/chateaudetailly.com\\\/en\\\/privatisation-de-la-propriete\\\/#breadcrumb\",\"itemListElement\":[{\"@type\":\"ListItem\",\"position\":1,\"name\":\"Accueil\",\"item\":\"https:\\\/\\\/chateaudetailly.com\\\/\"},{\"@type\":\"ListItem\",\"position\":2,\"name\":\"Privatisation de la propri\u00e9t\u00e9\"}]},{\"@type\":\"WebSite\",\"@id\":\"https:\\\/\\\/chateaudetailly.com\\\/#website\",\"url\":\"https:\\\/\\\/chateaudetailly.com\\\/\",\"name\":\"Ch\u00e2teau de Tailly\",\"description\":\"L&#039;art de vivre \u00e0 la fran\u00e7aise\",\"publisher\":{\"@id\":\"https:\\\/\\\/chateaudetailly.com\\\/#organization\"},\"potentialAction\":[{\"@type\":\"SearchAction\",\"target\":{\"@type\":\"EntryPoint\",\"urlTemplate\":\"https:\\\/\\\/chateaudetailly.com\\\/?s={search_term_string}\"},\"query-input\":{\"@type\":\"PropertyValueSpecification\",\"valueRequired\":true,\"valueName\":\"search_term_string\"}}],\"inLanguage\":\"en-GB\"},{\"@type\":\"Organization\",\"@id\":\"https:\\\/\\\/chateaudetailly.com\\\/#organization\",\"name\":\"Ch\u00e2teau de Tailly\",\"url\":\"https:\\\/\\\/chateaudetailly.com\\\/\",\"logo\":{\"@type\":\"ImageObject\",\"inLanguage\":\"en-GB\",\"@id\":\"https:\\\/\\\/chateaudetailly.com\\\/#\\\/schema\\\/logo\\\/image\\\/\",\"url\":\"https:\\\/\\\/chateaudetailly.com\\\/wp-content\\\/uploads\\\/2024\\\/10\\\/LogoTailly-blanc.png\",\"contentUrl\":\"https:\\\/\\\/chateaudetailly.com\\\/wp-content\\\/uploads\\\/2024\\\/10\\\/LogoTailly-blanc.png\",\"width\":151,\"height\":140,\"caption\":\"Ch\u00e2teau de Tailly\"},\"image\":{\"@id\":\"https:\\\/\\\/chateaudetailly.com\\\/#\\\/schema\\\/logo\\\/image\\\/\"}}]}<\/script>\r\n<!-- \/ Yoast SEO plugin. -->","yoast_head_json":{"title":"Privatisation de la propri\u00e9t\u00e9 - Ch\u00e2teau de Tailly","robots":{"index":"index","follow":"follow","max-snippet":"max-snippet:-1","max-image-preview":"max-image-preview:large","max-video-preview":"max-video-preview:-1"},"canonical":"http:\/\/chateaudetailly.com\/en\/privatisation-de-la-propriete\/","og_locale":"en_GB","og_type":"article","og_title":"Privatisation de la propri\u00e9t\u00e9 - Ch\u00e2teau de Tailly","og_description":"Privatisation de la propri\u00e9t\u00e9 Son ch\u00e2teau, ses d\u00e9pendances et son parc Soyez les ch\u00e2telains de Tailly pour vivre la vie de ch\u00e2teau le temps d\u2019un s\u00e9jour. Le ch\u00e2teau est id\u00e9alement situ\u00e9 sur la c\u00f4te viticole touchant Meursault et \u00e0 5 mn \u00e0 peine de la ville de Beaune. Nich\u00e9 dans un parc de 6 ha, [&hellip;]","og_url":"http:\/\/chateaudetailly.com\/en\/privatisation-de-la-propriete\/","og_site_name":"Ch\u00e2teau de Tailly","article_modified_time":"2025-01-31T08:19:22+00:00","og_image":[{"url":"https:\/\/chateaudetailly.com\/wp-content\/uploads\/2024\/12\/chateau_de_tailly-23-6.jpg","type":"","width":"","height":""}],"twitter_card":"summary_large_image","twitter_misc":{"Estimated reading time":"2 minutes"},"schema":{"@context":"https:\/\/schema.org","@graph":[{"@type":"WebPage","@id":"http:\/\/chateaudetailly.com\/en\/privatisation-de-la-propriete\/","url":"http:\/\/chateaudetailly.com\/en\/privatisation-de-la-propriete\/","name":"Privatisation de la propri\u00e9t\u00e9 - Ch\u00e2teau de Tailly","isPartOf":{"@id":"https:\/\/chateaudetailly.com\/#website"},"primaryImageOfPage":{"@id":"http:\/\/chateaudetailly.com\/en\/privatisation-de-la-propriete\/#primaryimage"},"image":{"@id":"http:\/\/chateaudetailly.com\/en\/privatisation-de-la-propriete\/#primaryimage"},"thumbnailUrl":"https:\/\/chateaudetailly.com\/wp-content\/uploads\/2024\/12\/chateau_de_tailly-23-6.jpg","datePublished":"2024-10-30T11:03:04+00:00","dateModified":"2025-01-31T08:19:22+00:00","breadcrumb":{"@id":"http:\/\/chateaudetailly.com\/en\/privatisation-de-la-propriete\/#breadcrumb"},"inLanguage":"en-GB","potentialAction":[{"@type":"ReadAction","target":["http:\/\/chateaudetailly.com\/en\/privatisation-de-la-propriete\/"]}]},{"@type":"ImageObject","inLanguage":"en-GB","@id":"http:\/\/chateaudetailly.com\/en\/privatisation-de-la-propriete\/#primaryimage","url":"https:\/\/chateaudetailly.com\/wp-content\/uploads\/2024\/12\/chateau_de_tailly-23-6.jpg","contentUrl":"https:\/\/chateaudetailly.com\/wp-content\/uploads\/2024\/12\/chateau_de_tailly-23-6.jpg"},{"@type":"BreadcrumbList","@id":"http:\/\/chateaudetailly.com\/en\/privatisation-de-la-propriete\/#breadcrumb","itemListElement":[{"@type":"ListItem","position":1,"name":"Accueil","item":"https:\/\/chateaudetailly.com\/"},{"@type":"ListItem","position":2,"name":"Privatisation de la propri\u00e9t\u00e9"}]},{"@type":"WebSite","@id":"https:\/\/chateaudetailly.com\/#website","url":"https:\/\/chateaudetailly.com\/","name":"Ch\u00e2teau de Tailly","description":"The French art of living","publisher":{"@id":"https:\/\/chateaudetailly.com\/#organization"},"potentialAction":[{"@type":"SearchAction","target":{"@type":"EntryPoint","urlTemplate":"https:\/\/chateaudetailly.com\/?s={search_term_string}"},"query-input":{"@type":"PropertyValueSpecification","valueRequired":true,"valueName":"search_term_string"}}],"inLanguage":"en-GB"},{"@type":"Organization","@id":"https:\/\/chateaudetailly.com\/#organization","name":"Ch\u00e2teau de Tailly","url":"https:\/\/chateaudetailly.com\/","logo":{"@type":"ImageObject","inLanguage":"en-GB","@id":"https:\/\/chateaudetailly.com\/#\/schema\/logo\/image\/","url":"https:\/\/chateaudetailly.com\/wp-content\/uploads\/2024\/10\/LogoTailly-blanc.png","contentUrl":"https:\/\/chateaudetailly.com\/wp-content\/uploads\/2024\/10\/LogoTailly-blanc.png","width":151,"height":140,"caption":"Ch\u00e2teau de Tailly"},"image":{"@id":"https:\/\/chateaudetailly.com\/#\/schema\/logo\/image\/"}}]}},"_links":{"self":[{"href":"http:\/\/chateaudetailly.com\/en\/wp-json\/wp\/v2\/pages\/23","targetHints":{"allow":["GET"]}}],"collection":[{"href":"http:\/\/chateaudetailly.com\/en\/wp-json\/wp\/v2\/pages"}],"about":[{"href":"http:\/\/chateaudetailly.com\/en\/wp-json\/wp\/v2\/types\/page"}],"author":[{"embeddable":true,"href":"http:\/\/chateaudetailly.com\/en\/wp-json\/wp\/v2\/users\/2"}],"replies":[{"embeddable":true,"href":"http:\/\/chateaudetailly.com\/en\/wp-json\/wp\/v2\/comments?post=23"}],"version-history":[{"count":7,"href":"http:\/\/chateaudetailly.com\/en\/wp-json\/wp\/v2\/pages\/23\/revisions"}],"predecessor-version":[{"id":1350,"href":"http:\/\/chateaudetailly.com\/en\/wp-json\/wp\/v2\/pages\/23\/revisions\/1350"}],"wp:attachment":[{"href":"http:\/\/chateaudetailly.com\/en\/wp-json\/wp\/v2\/media?parent=23"}],"curies":[{"name":"wp","href":"https:\/\/api.w.org\/{rel}","templated":true}]}}