{"id":33,"date":"2024-10-30T12:04:07","date_gmt":"2024-10-30T11:04:07","guid":{"rendered":"https:\/\/chateaudetailly.com\/?page_id=33"},"modified":"2025-01-31T09:18:31","modified_gmt":"2025-01-31T08:18:31","slug":"tarifs","status":"publish","type":"page","link":"https:\/\/chateaudetailly.com\/en\/tarifs\/","title":{"rendered":"Rates"},"content":{"rendered":"<div class=\"wp-block-columns bloc_contenu is-layout-flex wp-container-core-columns-is-layout-28f84493 wp-block-columns-is-layout-flex\">\n<div class=\"wp-block-column is-layout-flow wp-block-column-is-layout-flow\">\n<div class=\"wp-block-columns is-layout-flex wp-container-core-columns-is-layout-28f84493 wp-block-columns-is-layout-flex\">\n<div class=\"wp-block-column is-layout-flow wp-block-column-is-layout-flow\">\n<div class=\"wp-block-columns is-layout-flex wp-container-core-columns-is-layout-28f84493 wp-block-columns-is-layout-flex\">\n<div class=\"wp-block-column carousel is-layout-flow wp-block-column-is-layout-flow\">\n<figure class=\"wp-block-image size-full\"><img fetchpriority=\"high\" decoding=\"async\" width=\"2000\" height=\"1331\" src=\"https:\/\/chateaudetailly.com\/wp-content\/uploads\/2024\/12\/tarifs-2.jpg\" alt=\"\" class=\"wp-image-741\" srcset=\"https:\/\/chateaudetailly.com\/wp-content\/uploads\/2024\/12\/tarifs-2.jpg 2000w, https:\/\/chateaudetailly.com\/wp-content\/uploads\/2024\/12\/tarifs-2-300x200.jpg 300w, https:\/\/chateaudetailly.com\/wp-content\/uploads\/2024\/12\/tarifs-2-1024x681.jpg 1024w, https:\/\/chateaudetailly.com\/wp-content\/uploads\/2024\/12\/tarifs-2-768x511.jpg 768w, https:\/\/chateaudetailly.com\/wp-content\/uploads\/2024\/12\/tarifs-2-1536x1022.jpg 1536w, https:\/\/chateaudetailly.com\/wp-content\/uploads\/2024\/12\/tarifs-2-18x12.jpg 18w\" sizes=\"(max-width: 2000px) 100vw, 2000px\" \/><\/figure>\n<\/div>\n\n\n\n<div class=\"wp-block-column is-layout-flow wp-block-column-is-layout-flow\">\n<h2 class=\"wp-block-heading\">Prices (including VAT)<\/h2>\n\n\n\n<h3 class=\"wp-block-heading\">CHATEAU - 10 to 15 people<\/h3>\n\n\n\n<figure class=\"wp-block-table\"><table class=\"has-fixed-layout\"><tbody><tr><td>Week: from \u20ac6980<\/td><td>Weekend: from \u20ac2,750<\/td><td>Overnight stay: please contact us<\/td><\/tr><\/tbody><\/table><\/figure>\n\n\n\n<h3 class=\"wp-block-heading\">G\u00ceTES<\/h3>\n\n\n\n<ul class=\"wp-block-list\">\n<li><strong>HUNTING PAVILION - 8 people<\/strong><br>High and very high season weeks: from \u20ac2450<br>Low and mid-season week: from \u20ac1850<br>Weekend: from \u20ac980<\/li>\n<\/ul>\n\n\n\n<p><\/p>\n\n\n\n<ul class=\"wp-block-list\">\n<li><strong>LES AR\u00d4MES - 4 people<\/strong><br>High and very high season weeks: from \u20ac1680<br>Low and mid-season week: from \u20ac1300<br>Weekend: from \u20ac580<\/li>\n<\/ul>\n\n\n\n<p><\/p>\n\n\n\n<h3 class=\"wp-block-heading\">PRIVATISATION OF THE PROPERTY - 20 people (+3 with supplement)<\/h3>\n\n\n\n<figure class=\"wp-block-table\"><table class=\"has-fixed-layout\"><tbody><tr><td>Week: please contact us<\/td><td>Weekend: please contact us<\/td><td>Overnight stay: please contact us<\/td><\/tr><\/tbody><\/table><\/figure>\n\n\n\n<h3 class=\"wp-block-heading\">4 GUEST ROOMS<\/h3>\n\n\n\n<figure class=\"wp-block-table\"><table class=\"has-fixed-layout\"><tbody><tr><td><strong>Sissi<\/strong><\/td><td><strong>Marie-Antoinette<\/strong><\/td><td><strong>Pablo<\/strong><\/td><td><strong>Hemingway<\/strong><\/td><\/tr><tr><td>280 \u20ac for 2 people<br>310 \u20ac for 3 people<br>340 \u20ac for 4 people<\/td><td>290 \u20ac for 2 people<\/td><td>250 for 2 people<\/td><td>260 \u20ac for 2 people<\/td><\/tr><\/tbody><\/table><\/figure>\n\n\n\n<p>* Extra bed: \u20ac50<\/p>\n\n\n\n<p><strong>Please contact us for further information<\/strong><\/p>\n<\/div>\n<\/div>\n<\/div>\n<\/div>\n<\/div>\n<\/div>","protected":false},"excerpt":{"rendered":"<p>Tarifs (TTC&nbsp;euros) CHATEAU \u2013 10 \u00e0 15 personnes Semaine&nbsp;: \u00e0 partir de 6980 \u20ac Week-end&nbsp;: \u00e0 partir de 2750 \u20ac Nuit&nbsp;: nous consulter G\u00ceTES PRIVATISATION DE LA PROPRI\u00c9T\u00c9 \u2013 20 personnes (+3 avec suppl\u00e9ment) Semaine&nbsp;: nous consulter Week-end&nbsp;: nous consulter Nuit&nbsp;: nous consulter 4 CHAMBRES D\u2019H\u00d4TES Sissi Marie-Antoinette Pablo Hemingway 280 \u20ac pour 2 personnes310 [&hellip;]<\/p>\n","protected":false},"author":2,"featured_media":0,"parent":0,"menu_order":0,"comment_status":"closed","ping_status":"closed","template":"","meta":{"footnotes":""},"class_list":["post-33","page","type-page","status-publish","hentry"],"yoast_head":"<!-- This site is optimized with the Yoast SEO plugin v27.2 - https:\/\/yoast.com\/product\/yoast-seo-wordpress\/ -->\r\n<title>Tarifs - Ch\u00e2teau de Tailly<\/title>\r\n<meta name=\"robots\" content=\"index, follow, max-snippet:-1, max-image-preview:large, max-video-preview:-1\" \/>\r\n<link rel=\"canonical\" href=\"https:\/\/chateaudetailly.com\/en\/tarifs\/\" \/>\r\n<meta property=\"og:locale\" content=\"en_GB\" \/>\r\n<meta property=\"og:type\" content=\"article\" \/>\r\n<meta property=\"og:title\" content=\"Tarifs - Ch\u00e2teau de Tailly\" \/>\r\n<meta property=\"og:description\" content=\"Tarifs (TTC&nbsp;euros) CHATEAU \u2013 10 \u00e0 15 personnes Semaine&nbsp;: \u00e0 partir de 6980 \u20ac Week-end&nbsp;: \u00e0 partir de 2750 \u20ac Nuit&nbsp;: nous consulter G\u00ceTES PRIVATISATION DE LA PROPRI\u00c9T\u00c9 \u2013 20 personnes (+3 avec suppl\u00e9ment) Semaine&nbsp;: nous consulter Week-end&nbsp;: nous consulter Nuit&nbsp;: nous consulter 4 CHAMBRES D\u2019H\u00d4TES Sissi Marie-Antoinette Pablo Hemingway 280 \u20ac pour 2 personnes310 [&hellip;]\" \/>\r\n<meta property=\"og:url\" content=\"https:\/\/chateaudetailly.com\/en\/tarifs\/\" \/>\r\n<meta property=\"og:site_name\" content=\"Ch\u00e2teau de Tailly\" \/>\r\n<meta property=\"article:modified_time\" content=\"2025-01-31T08:18:31+00:00\" \/>\r\n<meta property=\"og:image\" content=\"https:\/\/chateaudetailly.com\/wp-content\/uploads\/2024\/12\/tarifs-2.jpg\" \/>\r\n<meta name=\"twitter:card\" content=\"summary_large_image\" \/>\r\n<meta name=\"twitter:label1\" content=\"Estimated reading time\" \/>\n\t<meta name=\"twitter:data1\" content=\"1 minute\" \/>\r\n<script type=\"application\/ld+json\" class=\"yoast-schema-graph\">{\"@context\":\"https:\/\/schema.org\",\"@graph\":[{\"@type\":\"WebPage\",\"@id\":\"https:\/\/chateaudetailly.com\/tarifs\/\",\"url\":\"https:\/\/chateaudetailly.com\/tarifs\/\",\"name\":\"Tarifs - Ch\u00e2teau de Tailly\",\"isPartOf\":{\"@id\":\"https:\/\/chateaudetailly.com\/#website\"},\"primaryImageOfPage\":{\"@id\":\"https:\/\/chateaudetailly.com\/tarifs\/#primaryimage\"},\"image\":{\"@id\":\"https:\/\/chateaudetailly.com\/tarifs\/#primaryimage\"},\"thumbnailUrl\":\"https:\/\/chateaudetailly.com\/wp-content\/uploads\/2024\/12\/tarifs-2.jpg\",\"datePublished\":\"2024-10-30T11:04:07+00:00\",\"dateModified\":\"2025-01-31T08:18:31+00:00\",\"breadcrumb\":{\"@id\":\"https:\/\/chateaudetailly.com\/tarifs\/#breadcrumb\"},\"inLanguage\":\"en-GB\",\"potentialAction\":[{\"@type\":\"ReadAction\",\"target\":[\"https:\/\/chateaudetailly.com\/tarifs\/\"]}]},{\"@type\":\"ImageObject\",\"inLanguage\":\"en-GB\",\"@id\":\"https:\/\/chateaudetailly.com\/tarifs\/#primaryimage\",\"url\":\"https:\/\/chateaudetailly.com\/wp-content\/uploads\/2024\/12\/tarifs-2.jpg\",\"contentUrl\":\"https:\/\/chateaudetailly.com\/wp-content\/uploads\/2024\/12\/tarifs-2.jpg\"},{\"@type\":\"BreadcrumbList\",\"@id\":\"https:\/\/chateaudetailly.com\/tarifs\/#breadcrumb\",\"itemListElement\":[{\"@type\":\"ListItem\",\"position\":1,\"name\":\"Accueil\",\"item\":\"https:\/\/chateaudetailly.com\/\"},{\"@type\":\"ListItem\",\"position\":2,\"name\":\"Tarifs\"}]},{\"@type\":\"WebSite\",\"@id\":\"https:\/\/chateaudetailly.com\/#website\",\"url\":\"https:\/\/chateaudetailly.com\/\",\"name\":\"Ch\u00e2teau de Tailly\",\"description\":\"L&#039;art de vivre \u00e0 la fran\u00e7aise\",\"publisher\":{\"@id\":\"https:\/\/chateaudetailly.com\/#organization\"},\"potentialAction\":[{\"@type\":\"SearchAction\",\"target\":{\"@type\":\"EntryPoint\",\"urlTemplate\":\"https:\/\/chateaudetailly.com\/?s={search_term_string}\"},\"query-input\":{\"@type\":\"PropertyValueSpecification\",\"valueRequired\":true,\"valueName\":\"search_term_string\"}}],\"inLanguage\":\"en-GB\"},{\"@type\":\"Organization\",\"@id\":\"https:\/\/chateaudetailly.com\/#organization\",\"name\":\"Ch\u00e2teau de Tailly\",\"url\":\"https:\/\/chateaudetailly.com\/\",\"logo\":{\"@type\":\"ImageObject\",\"inLanguage\":\"en-GB\",\"@id\":\"https:\/\/chateaudetailly.com\/#\/schema\/logo\/image\/\",\"url\":\"https:\/\/chateaudetailly.com\/wp-content\/uploads\/2024\/10\/LogoTailly-blanc.png\",\"contentUrl\":\"https:\/\/chateaudetailly.com\/wp-content\/uploads\/2024\/10\/LogoTailly-blanc.png\",\"width\":151,\"height\":140,\"caption\":\"Ch\u00e2teau de Tailly\"},\"image\":{\"@id\":\"https:\/\/chateaudetailly.com\/#\/schema\/logo\/image\/\"}}]}<\/script>\r\n<!-- \/ Yoast SEO plugin. -->","yoast_head_json":{"title":"Rates - Ch\u00e2teau de Tailly","robots":{"index":"index","follow":"follow","max-snippet":"max-snippet:-1","max-image-preview":"max-image-preview:large","max-video-preview":"max-video-preview:-1"},"canonical":"https:\/\/chateaudetailly.com\/en\/tarifs\/","og_locale":"en_GB","og_type":"article","og_title":"Tarifs - Ch\u00e2teau de Tailly","og_description":"Tarifs (TTC&nbsp;euros) CHATEAU \u2013 10 \u00e0 15 personnes Semaine&nbsp;: \u00e0 partir de 6980 \u20ac Week-end&nbsp;: \u00e0 partir de 2750 \u20ac Nuit&nbsp;: nous consulter G\u00ceTES PRIVATISATION DE LA PROPRI\u00c9T\u00c9 \u2013 20 personnes (+3 avec suppl\u00e9ment) Semaine&nbsp;: nous consulter Week-end&nbsp;: nous consulter Nuit&nbsp;: nous consulter 4 CHAMBRES D\u2019H\u00d4TES Sissi Marie-Antoinette Pablo Hemingway 280 \u20ac pour 2 personnes310 [&hellip;]","og_url":"https:\/\/chateaudetailly.com\/en\/tarifs\/","og_site_name":"Ch\u00e2teau de Tailly","article_modified_time":"2025-01-31T08:18:31+00:00","og_image":[{"url":"https:\/\/chateaudetailly.com\/wp-content\/uploads\/2024\/12\/tarifs-2.jpg","type":"","width":"","height":""}],"twitter_card":"summary_large_image","twitter_misc":{"Estimated reading time":"1 minute"},"schema":{"@context":"https:\/\/schema.org","@graph":[{"@type":"WebPage","@id":"https:\/\/chateaudetailly.com\/tarifs\/","url":"https:\/\/chateaudetailly.com\/tarifs\/","name":"Rates - Ch\u00e2teau de Tailly","isPartOf":{"@id":"https:\/\/chateaudetailly.com\/#website"},"primaryImageOfPage":{"@id":"https:\/\/chateaudetailly.com\/tarifs\/#primaryimage"},"image":{"@id":"https:\/\/chateaudetailly.com\/tarifs\/#primaryimage"},"thumbnailUrl":"https:\/\/chateaudetailly.com\/wp-content\/uploads\/2024\/12\/tarifs-2.jpg","datePublished":"2024-10-30T11:04:07+00:00","dateModified":"2025-01-31T08:18:31+00:00","breadcrumb":{"@id":"https:\/\/chateaudetailly.com\/tarifs\/#breadcrumb"},"inLanguage":"en-GB","potentialAction":[{"@type":"ReadAction","target":["https:\/\/chateaudetailly.com\/tarifs\/"]}]},{"@type":"ImageObject","inLanguage":"en-GB","@id":"https:\/\/chateaudetailly.com\/tarifs\/#primaryimage","url":"https:\/\/chateaudetailly.com\/wp-content\/uploads\/2024\/12\/tarifs-2.jpg","contentUrl":"https:\/\/chateaudetailly.com\/wp-content\/uploads\/2024\/12\/tarifs-2.jpg"},{"@type":"BreadcrumbList","@id":"https:\/\/chateaudetailly.com\/tarifs\/#breadcrumb","itemListElement":[{"@type":"ListItem","position":1,"name":"Accueil","item":"https:\/\/chateaudetailly.com\/"},{"@type":"ListItem","position":2,"name":"Tarifs"}]},{"@type":"WebSite","@id":"https:\/\/chateaudetailly.com\/#website","url":"https:\/\/chateaudetailly.com\/","name":"Ch\u00e2teau de Tailly","description":"The French art of living","publisher":{"@id":"https:\/\/chateaudetailly.com\/#organization"},"potentialAction":[{"@type":"SearchAction","target":{"@type":"EntryPoint","urlTemplate":"https:\/\/chateaudetailly.com\/?s={search_term_string}"},"query-input":{"@type":"PropertyValueSpecification","valueRequired":true,"valueName":"search_term_string"}}],"inLanguage":"en-GB"},{"@type":"Organization","@id":"https:\/\/chateaudetailly.com\/#organization","name":"Ch\u00e2teau de Tailly","url":"https:\/\/chateaudetailly.com\/","logo":{"@type":"ImageObject","inLanguage":"en-GB","@id":"https:\/\/chateaudetailly.com\/#\/schema\/logo\/image\/","url":"https:\/\/chateaudetailly.com\/wp-content\/uploads\/2024\/10\/LogoTailly-blanc.png","contentUrl":"https:\/\/chateaudetailly.com\/wp-content\/uploads\/2024\/10\/LogoTailly-blanc.png","width":151,"height":140,"caption":"Ch\u00e2teau de Tailly"},"image":{"@id":"https:\/\/chateaudetailly.com\/#\/schema\/logo\/image\/"}}]}},"_links":{"self":[{"href":"https:\/\/chateaudetailly.com\/en\/wp-json\/wp\/v2\/pages\/33","targetHints":{"allow":["GET"]}}],"collection":[{"href":"https:\/\/chateaudetailly.com\/en\/wp-json\/wp\/v2\/pages"}],"about":[{"href":"https:\/\/chateaudetailly.com\/en\/wp-json\/wp\/v2\/types\/page"}],"author":[{"embeddable":true,"href":"https:\/\/chateaudetailly.com\/en\/wp-json\/wp\/v2\/users\/2"}],"replies":[{"embeddable":true,"href":"https:\/\/chateaudetailly.com\/en\/wp-json\/wp\/v2\/comments?post=33"}],"version-history":[{"count":16,"href":"https:\/\/chateaudetailly.com\/en\/wp-json\/wp\/v2\/pages\/33\/revisions"}],"predecessor-version":[{"id":1349,"href":"https:\/\/chateaudetailly.com\/en\/wp-json\/wp\/v2\/pages\/33\/revisions\/1349"}],"wp:attachment":[{"href":"https:\/\/chateaudetailly.com\/en\/wp-json\/wp\/v2\/media?parent=33"}],"curies":[{"name":"wp","href":"https:\/\/api.w.org\/{rel}","templated":true}]}}